{"id":1072,"date":"2020-10-28T13:51:52","date_gmt":"2020-10-28T12:51:52","guid":{"rendered":"https:\/\/progrespagnol.com\/?page_id=1072"},"modified":"2024-12-16T12:09:05","modified_gmt":"2024-12-16T11:09:05","slug":"recuperar-contrasena","status":"publish","type":"page","link":"https:\/\/progrespagnol.com\/fr\/recuperar-contrasena\/","title":{"rendered":"\ud83d\udd12 Cr\u00e9er ou r\u00e9cup\u00e9rer votre mot de passe"},"content":{"rendered":"\r\n<div id=\"password-lost-form-wrap\">\r\n\r\n\t\r\n\t\r\n\t<form id=\"lostpasswordform\" method=\"post\" class=\"account-page-form\">\r\n\t\t<fieldset>\r\n\t\t\t<legend>Cr\u00e9er ou r\u00e9cup\u00e9rer votre mot de passe<\/legend>\r\n\r\n\t\t\t<div class=\"somfrp-lost-pass-form-text\">\r\n\t\t\t\t<p>Veuillez saisir une adresse e-mail ou un nom d\u2019utilisateur. Vous recevrez un e-mail contenant un lien pour cr\u00e9er votre nouveau mot de passe.<\/p>\n\t\t\t<\/div>\r\n\r\n\t\t\t<p class=\"no-margin\">\r\n\t\t\t\t<label for=\"somfrp_user_info\">Email Address or Username<\/label>\r\n\t\t\t\t<input type=\"text\" name=\"somfrp_user_info\" id=\"somfrp_user_info\" required autocomplete=\"username\">\r\n\t\t\t<\/p>\r\n\t\t\t\r\n\r\n\t\t\t<div class=\"lostpassword-submit\">\r\n\t\t\t\t<input type=\"hidden\" id=\"somfrp_nonce\" name=\"somfrp_nonce\" value=\"4c49ddc7d6\" \/><input type=\"hidden\" name=\"_wp_http_referer\" value=\"\/fr\/wp-json\/wp\/v2\/pages\/1072\" \/>\t\t\t\t<input type=\"hidden\" name=\"submitted\" id=\"submitted\" value=\"true\">\r\n\t\t\t\t<input type=\"hidden\" name=\"somfrp_action\" id=\"somfrp_post_action\" value=\"somfrp_lost_pass\">\r\n\t\t\t\t<button type=\"submit\" id=\"reset-pass-submit\" name=\"reset-pass-submit\" class=\"button big-btn\">R\u00e9cup\u00e9rer le mot de passe.<\/button>\r\n\t\t\t<\/div>\r\n\r\n\t\t<\/fieldset>\r\n\t<\/form>\r\n\r\n<\/div>\n","protected":false},"excerpt":{"rendered":"","protected":false},"author":1,"featured_media":0,"parent":0,"menu_order":0,"comment_status":"closed","ping_status":"closed","template":"","meta":{"_uag_custom_page_level_css":"","_editorskit_title_hidden":false,"_editorskit_reading_time":1,"_editorskit_is_block_options_detached":false,"_editorskit_block_options_position":"{}","_monsterinsights_skip_tracking":false,"_monsterinsights_sitenote_active":false,"_monsterinsights_sitenote_note":"","_monsterinsights_sitenote_category":0,"_genesis_hide_title":false,"_genesis_hide_breadcrumbs":false,"_genesis_hide_singular_image":false,"_genesis_hide_footer_widgets":false,"_genesis_custom_body_class":"","_genesis_custom_post_class":"","_genesis_layout":"","footnotes":""},"class_list":{"0":"post-1072","1":"page","2":"type-page","3":"status-publish","5":"entry"},"yoast_head":"<!-- This site is optimized with the Yoast SEO plugin v27.0 - https:\/\/yoast.com\/product\/yoast-seo-wordpress\/ -->\n<title>\ud83d\udd12 Cr\u00e9er ou r\u00e9cup\u00e9rer votre mot de passe - Progrespagnol<\/title>\n<meta name=\"robots\" content=\"noindex, nofollow\" \/>\n<meta property=\"og:locale\" content=\"fr_FR\" \/>\n<meta property=\"og:type\" content=\"article\" \/>\n<meta property=\"og:title\" content=\"\ud83d\udd12 Cr\u00e9er ou r\u00e9cup\u00e9rer votre mot de passe - Progrespagnol\" \/>\n<meta property=\"og:url\" content=\"https:\/\/progrespagnol.com\/fr\/recuperar-contrasena\/\" \/>\n<meta property=\"og:site_name\" content=\"Progrespagnol\" \/>\n<meta property=\"article:modified_time\" content=\"2024-12-16T11:09:05+00:00\" \/>\n<meta name=\"twitter:card\" content=\"summary_large_image\" \/>\n<meta name=\"twitter:label1\" content=\"Dur\u00e9e de lecture estim\u00e9e\" \/>\n\t<meta name=\"twitter:data1\" content=\"1 minute\" \/>\n<script type=\"application\/ld+json\" class=\"yoast-schema-graph\">{\"@context\":\"https:\/\/schema.org\",\"@graph\":[{\"@type\":\"WebPage\",\"@id\":\"https:\/\/progrespagnol.com\/fr\/recuperar-contrasena\/\",\"url\":\"https:\/\/progrespagnol.com\/fr\/recuperar-contrasena\/\",\"name\":\"\ud83d\udd12 Cr\u00e9er ou r\u00e9cup\u00e9rer votre mot de passe - Progrespagnol\",\"isPartOf\":{\"@id\":\"https:\/\/progrespagnol.com\/fr\/#website\"},\"datePublished\":\"2020-10-28T12:51:52+00:00\",\"dateModified\":\"2024-12-16T11:09:05+00:00\",\"breadcrumb\":{\"@id\":\"https:\/\/progrespagnol.com\/fr\/recuperar-contrasena\/#breadcrumb\"},\"inLanguage\":\"fr-FR\",\"potentialAction\":[{\"@type\":\"ReadAction\",\"target\":[\"https:\/\/progrespagnol.com\/fr\/recuperar-contrasena\/\"]}]},{\"@type\":\"BreadcrumbList\",\"@id\":\"https:\/\/progrespagnol.com\/fr\/recuperar-contrasena\/#breadcrumb\",\"itemListElement\":[{\"@type\":\"ListItem\",\"position\":1,\"name\":\"Portada\",\"item\":\"https:\/\/progrespagnol.com\/fr\/\"},{\"@type\":\"ListItem\",\"position\":2,\"name\":\"\ud83d\udd12 Cr\u00e9er ou r\u00e9cup\u00e9rer votre mot de passe\"}]},{\"@type\":\"WebSite\",\"@id\":\"https:\/\/progrespagnol.com\/fr\/#website\",\"url\":\"https:\/\/progrespagnol.com\/fr\/\",\"name\":\"Progrespagnol\",\"description\":\"Espagnol pro et de voyages\",\"publisher\":{\"@id\":\"https:\/\/progrespagnol.com\/fr\/#organization\"},\"potentialAction\":[{\"@type\":\"SearchAction\",\"target\":{\"@type\":\"EntryPoint\",\"urlTemplate\":\"https:\/\/progrespagnol.com\/fr\/?s={search_term_string}\"},\"query-input\":{\"@type\":\"PropertyValueSpecification\",\"valueRequired\":true,\"valueName\":\"search_term_string\"}}],\"inLanguage\":\"fr-FR\"},{\"@type\":\"Organization\",\"@id\":\"https:\/\/progrespagnol.com\/fr\/#organization\",\"name\":\"Progrespagnol\",\"url\":\"https:\/\/progrespagnol.com\/fr\/\",\"logo\":{\"@type\":\"ImageObject\",\"inLanguage\":\"fr-FR\",\"@id\":\"https:\/\/progrespagnol.com\/fr\/#\/schema\/logo\/image\/\",\"url\":\"https:\/\/progrespagnol.com\/fr\/wp-content\/uploads\/sites\/2\/cropped-logo.png\",\"contentUrl\":\"https:\/\/progrespagnol.com\/fr\/wp-content\/uploads\/sites\/2\/cropped-logo.png\",\"width\":250,\"height\":56,\"caption\":\"Progrespagnol\"},\"image\":{\"@id\":\"https:\/\/progrespagnol.com\/fr\/#\/schema\/logo\/image\/\"}}]}<\/script>\n<!-- \/ Yoast SEO plugin. -->","yoast_head_json":{"title":"\ud83d\udd12 Cr\u00e9er ou r\u00e9cup\u00e9rer votre mot de passe - Progrespagnol","robots":{"index":"noindex","follow":"nofollow"},"og_locale":"fr_FR","og_type":"article","og_title":"\ud83d\udd12 Cr\u00e9er ou r\u00e9cup\u00e9rer votre mot de passe - Progrespagnol","og_url":"https:\/\/progrespagnol.com\/fr\/recuperar-contrasena\/","og_site_name":"Progrespagnol","article_modified_time":"2024-12-16T11:09:05+00:00","twitter_card":"summary_large_image","twitter_misc":{"Dur\u00e9e de lecture estim\u00e9e":"1 minute"},"schema":{"@context":"https:\/\/schema.org","@graph":[{"@type":"WebPage","@id":"https:\/\/progrespagnol.com\/fr\/recuperar-contrasena\/","url":"https:\/\/progrespagnol.com\/fr\/recuperar-contrasena\/","name":"\ud83d\udd12 Cr\u00e9er ou r\u00e9cup\u00e9rer votre mot de passe - Progrespagnol","isPartOf":{"@id":"https:\/\/progrespagnol.com\/fr\/#website"},"datePublished":"2020-10-28T12:51:52+00:00","dateModified":"2024-12-16T11:09:05+00:00","breadcrumb":{"@id":"https:\/\/progrespagnol.com\/fr\/recuperar-contrasena\/#breadcrumb"},"inLanguage":"fr-FR","potentialAction":[{"@type":"ReadAction","target":["https:\/\/progrespagnol.com\/fr\/recuperar-contrasena\/"]}]},{"@type":"BreadcrumbList","@id":"https:\/\/progrespagnol.com\/fr\/recuperar-contrasena\/#breadcrumb","itemListElement":[{"@type":"ListItem","position":1,"name":"Portada","item":"https:\/\/progrespagnol.com\/fr\/"},{"@type":"ListItem","position":2,"name":"\ud83d\udd12 Cr\u00e9er ou r\u00e9cup\u00e9rer votre mot de passe"}]},{"@type":"WebSite","@id":"https:\/\/progrespagnol.com\/fr\/#website","url":"https:\/\/progrespagnol.com\/fr\/","name":"Progrespagnol","description":"Espagnol pro et de voyages","publisher":{"@id":"https:\/\/progrespagnol.com\/fr\/#organization"},"potentialAction":[{"@type":"SearchAction","target":{"@type":"EntryPoint","urlTemplate":"https:\/\/progrespagnol.com\/fr\/?s={search_term_string}"},"query-input":{"@type":"PropertyValueSpecification","valueRequired":true,"valueName":"search_term_string"}}],"inLanguage":"fr-FR"},{"@type":"Organization","@id":"https:\/\/progrespagnol.com\/fr\/#organization","name":"Progrespagnol","url":"https:\/\/progrespagnol.com\/fr\/","logo":{"@type":"ImageObject","inLanguage":"fr-FR","@id":"https:\/\/progrespagnol.com\/fr\/#\/schema\/logo\/image\/","url":"https:\/\/progrespagnol.com\/fr\/wp-content\/uploads\/sites\/2\/cropped-logo.png","contentUrl":"https:\/\/progrespagnol.com\/fr\/wp-content\/uploads\/sites\/2\/cropped-logo.png","width":250,"height":56,"caption":"Progrespagnol"},"image":{"@id":"https:\/\/progrespagnol.com\/fr\/#\/schema\/logo\/image\/"}}]}},"uagb_featured_image_src":{"full":false,"thumbnail":false,"medium":false,"medium_large":false,"large":false,"1536x1536":false,"2048x2048":false},"uagb_author_info":{"display_name":"JC","author_link":"https:\/\/progrespagnol.com\/fr\/blog\/author\/63fe7be783\/"},"uagb_comment_info":0,"uagb_excerpt":null,"_links":{"self":[{"href":"https:\/\/progrespagnol.com\/fr\/wp-json\/wp\/v2\/pages\/1072","targetHints":{"allow":["GET"]}}],"collection":[{"href":"https:\/\/progrespagnol.com\/fr\/wp-json\/wp\/v2\/pages"}],"about":[{"href":"https:\/\/progrespagnol.com\/fr\/wp-json\/wp\/v2\/types\/page"}],"author":[{"embeddable":true,"href":"https:\/\/progrespagnol.com\/fr\/wp-json\/wp\/v2\/users\/1"}],"replies":[{"embeddable":true,"href":"https:\/\/progrespagnol.com\/fr\/wp-json\/wp\/v2\/comments?post=1072"}],"version-history":[{"count":1,"href":"https:\/\/progrespagnol.com\/fr\/wp-json\/wp\/v2\/pages\/1072\/revisions"}],"predecessor-version":[{"id":3783,"href":"https:\/\/progrespagnol.com\/fr\/wp-json\/wp\/v2\/pages\/1072\/revisions\/3783"}],"wp:attachment":[{"href":"https:\/\/progrespagnol.com\/fr\/wp-json\/wp\/v2\/media?parent=1072"}],"curies":[{"name":"wp","href":"https:\/\/api.w.org\/{rel}","templated":true}]}}