{"id":2555,"date":"2022-03-23T17:47:33","date_gmt":"2022-03-23T16:47:33","guid":{"rendered":"https:\/\/progrespagnol.com\/fr\/?page_id=2555"},"modified":"2022-03-25T17:50:58","modified_gmt":"2022-03-25T16:50:58","slug":"puntuacion-test-espanol","status":"publish","type":"page","link":"https:\/\/progrespagnol.com\/fr\/puntuacion-test-espanol\/","title":{"rendered":"Puntuaci\u00f3n Test Espa\u00f1ol"},"content":{"rendered":"\t\t<div data-elementor-type=\"wp-page\" data-elementor-id=\"2555\" class=\"elementor elementor-2555\" data-elementor-post-type=\"page\">\n\t\t\t\t\t\t<section class=\"elementor-section elementor-top-section elementor-element elementor-element-15b0391 elementor-section-boxed elementor-section-height-default elementor-section-height-default\" data-id=\"15b0391\" data-element_type=\"section\" data-e-type=\"section\" data-settings=\"{&quot;background_background&quot;:&quot;classic&quot;}\">\n\t\t\t\t\t\t\t<div class=\"elementor-background-overlay\"><\/div>\n\t\t\t\t\t\t\t<div class=\"elementor-container elementor-column-gap-default\">\n\t\t\t\t\t<div class=\"elementor-column elementor-col-100 elementor-top-column elementor-element elementor-element-da458db\" data-id=\"da458db\" data-element_type=\"column\" data-e-type=\"column\">\n\t\t\t<div class=\"elementor-widget-wrap elementor-element-populated\">\n\t\t\t\t\t\t<div class=\"elementor-element elementor-element-c5bc4b9 elementor-widget elementor-widget-heading\" data-id=\"c5bc4b9\" data-element_type=\"widget\" data-e-type=\"widget\" data-widget_type=\"heading.default\">\n\t\t\t\t<div class=\"elementor-widget-container\">\n\t\t\t\t\t<h1 class=\"elementor-heading-title elementor-size-default\">Selecciona tu porcentaje %<br>y te enviamos tu nivel de espa\u00f1ol<\/h1>\t\t\t\t<\/div>\n\t\t\t\t<\/div>\n\t\t\t\t\t<\/div>\n\t\t<\/div>\n\t\t\t\t\t<\/div>\n\t\t<\/section>\n\t\t\t\t<section class=\"elementor-section elementor-top-section elementor-element elementor-element-a0a0315 elementor-section-boxed elementor-section-height-default elementor-section-height-default\" data-id=\"a0a0315\" data-element_type=\"section\" data-e-type=\"section\">\n\t\t\t\t\t\t<div class=\"elementor-container elementor-column-gap-default\">\n\t\t\t\t\t<div class=\"elementor-column elementor-col-100 elementor-top-column elementor-element elementor-element-8c7ed24\" data-id=\"8c7ed24\" data-element_type=\"column\" data-e-type=\"column\" data-settings=\"{&quot;background_background&quot;:&quot;classic&quot;}\">\n\t\t\t<div class=\"elementor-widget-wrap elementor-element-populated\">\n\t\t\t\t\t<div class=\"elementor-background-overlay\"><\/div>\n\t\t\t\t\t\t<div class=\"elementor-element elementor-element-7cad9bf elementor-widget elementor-widget-image\" data-id=\"7cad9bf\" data-element_type=\"widget\" data-e-type=\"widget\" data-widget_type=\"image.default\">\n\t\t\t\t<div class=\"elementor-widget-container\">\n\t\t\t\t\t\t\t\t\t\t\t\t\t\t\t<img decoding=\"async\" width=\"408\" height=\"79\" src=\"https:\/\/progrespagnol.com\/fr\/wp-content\/uploads\/sites\/2\/cropped-Logo-Progrespagnol-1-2.png\" class=\"attachment-large size-large wp-image-1469\" alt=\"\" \/>\t\t\t\t\t\t\t\t\t\t\t\t\t\t\t<\/div>\n\t\t\t\t<\/div>\n\t\t\t\t<div class=\"elementor-element elementor-element-4fd7acf elementor-button-align-stretch elementor-widget elementor-widget-form\" data-id=\"4fd7acf\" data-element_type=\"widget\" data-e-type=\"widget\" data-settings=\"{&quot;step_next_label&quot;:&quot;Suivant&quot;,&quot;step_previous_label&quot;:&quot;Pr\\u00e9c\\u00e9dent&quot;,&quot;button_width&quot;:&quot;100&quot;,&quot;step_type&quot;:&quot;number_text&quot;,&quot;step_icon_shape&quot;:&quot;circle&quot;}\" data-widget_type=\"form.default\">\n\t\t\t\t<div class=\"elementor-widget-container\">\n\t\t\t\t\t\t\t<form class=\"elementor-form\" method=\"post\" name=\"Resultados Test Espa\u00f1ol\" aria-label=\"Resultados Test Espa\u00f1ol\">\n\t\t\t<input type=\"hidden\" name=\"post_id\" value=\"2555\"\/>\n\t\t\t<input type=\"hidden\" name=\"form_id\" value=\"4fd7acf\"\/>\n\t\t\t<input type=\"hidden\" name=\"referer_title\" value=\"Puntuaci\u00f3n Test Espa\u00f1ol - Progrespagnol\" \/>\n\n\t\t\t\t\t\t\t<input type=\"hidden\" name=\"queried_id\" value=\"2555\"\/>\n\t\t\t\n\t\t\t<div class=\"elementor-form-fields-wrapper elementor-labels-above\">\n\t\t\t\t\t\t\t\t<div class=\"elementor-field-type-radio elementor-field-group elementor-column elementor-field-group-field_fe42d83 elementor-col-100 elementor-field-required\">\n\t\t\t\t\t\t\t\t\t\t\t\t<label for=\"form-field-field_fe42d83\" class=\"elementor-field-label\">\n\t\t\t\t\t\t\t\tPuntuaci\u00f3n\t\t\t\t\t\t\t<\/label>\n\t\t\t\t\t\t<div class=\"elementor-field-subgroup  elementor-subgroup-inline\"><span class=\"elementor-field-option\"><input type=\"radio\" value=\"0 a 16 %\" id=\"form-field-field_fe42d83-0\" name=\"form_fields[field_fe42d83]\" required=\"required\"> <label for=\"form-field-field_fe42d83-0\">0 a 16 %<\/label><\/span><span class=\"elementor-field-option\"><input type=\"radio\" value=\"17 a 32 %\" id=\"form-field-field_fe42d83-1\" name=\"form_fields[field_fe42d83]\" required=\"required\"> <label for=\"form-field-field_fe42d83-1\">17 a 32 %<\/label><\/span><span class=\"elementor-field-option\"><input type=\"radio\" value=\"33 a 49 %\" id=\"form-field-field_fe42d83-2\" name=\"form_fields[field_fe42d83]\" required=\"required\"> <label for=\"form-field-field_fe42d83-2\">33 a 49 %<\/label><\/span><span class=\"elementor-field-option\"><input type=\"radio\" value=\"50 a 66 %\" id=\"form-field-field_fe42d83-3\" name=\"form_fields[field_fe42d83]\" required=\"required\"> <label for=\"form-field-field_fe42d83-3\">50 a 66 %<\/label><\/span><span class=\"elementor-field-option\"><input type=\"radio\" value=\"67 a 83 %\" id=\"form-field-field_fe42d83-4\" name=\"form_fields[field_fe42d83]\" required=\"required\"> <label for=\"form-field-field_fe42d83-4\">67 a 83 %<\/label><\/span><span class=\"elementor-field-option\"><input type=\"radio\" value=\"84 a 100 %\" id=\"form-field-field_fe42d83-5\" name=\"form_fields[field_fe42d83]\" required=\"required\"> <label for=\"form-field-field_fe42d83-5\">84 a 100 %<\/label><\/span><\/div>\t\t\t\t<\/div>\n\t\t\t\t\t\t\t\t<div class=\"elementor-field-type-text elementor-field-group elementor-column elementor-field-group-field_1c0d1d1 elementor-col-100 elementor-field-required\">\n\t\t\t\t\t\t\t\t\t\t\t\t<label for=\"form-field-field_1c0d1d1\" class=\"elementor-field-label\">\n\t\t\t\t\t\t\t\tNombre\t\t\t\t\t\t\t<\/label>\n\t\t\t\t\t\t\t\t\t\t\t\t\t\t<input size=\"1\" type=\"text\" name=\"form_fields[field_1c0d1d1]\" id=\"form-field-field_1c0d1d1\" class=\"elementor-field elementor-size-sm  elementor-field-textual\" placeholder=\"Nombre\" required=\"required\">\n\t\t\t\t\t\t\t\t\t\t\t<\/div>\n\t\t\t\t\t\t\t\t<div class=\"elementor-field-type-email elementor-field-group elementor-column elementor-field-group-email elementor-col-100 elementor-field-required\">\n\t\t\t\t\t\t\t\t\t\t\t\t<label for=\"form-field-email\" class=\"elementor-field-label\">\n\t\t\t\t\t\t\t\tE-mail\t\t\t\t\t\t\t<\/label>\n\t\t\t\t\t\t\t\t\t\t\t\t\t\t<input size=\"1\" type=\"email\" name=\"form_fields[email]\" id=\"form-field-email\" class=\"elementor-field elementor-size-sm  elementor-field-textual\" placeholder=\"E-mail\" required=\"required\">\n\t\t\t\t\t\t\t\t\t\t\t<\/div>\n\t\t\t\t\t\t\t\t<div class=\"elementor-field-type-acceptance elementor-field-group elementor-column elementor-field-group-field_2aeacce elementor-col-100 elementor-field-required\">\n\t\t\t\t\t\t\t\t\t\t\t\t<label for=\"form-field-field_2aeacce\" class=\"elementor-field-label\">\n\t\t\t\t\t\t\t\tPolitica\t\t\t\t\t\t\t<\/label>\n\t\t\t\t\t\t\t\t<div class=\"elementor-field-subgroup\">\n\t\t\t<span class=\"elementor-field-option\">\n\t\t\t\t<input type=\"checkbox\" name=\"form_fields[field_2aeacce]\" id=\"form-field-field_2aeacce\" class=\"elementor-field elementor-size-sm  elementor-acceptance-field\" required=\"required\">\n\t\t\t\t<label for=\"form-field-field_2aeacce\">He leido y acepto las <a href=\"https:\/\/progrespagnol.com\/fr\/politica-privacidad\/\" target= \"_blank\">pol\u00edticas de de privacidad<\/a><\/label>\t\t\t<\/span>\n\t\t<\/div>\n\t\t\t\t\t\t<\/div>\n\t\t\t\t\t\t\t\t<div class=\"elementor-field-group elementor-column elementor-field-type-submit elementor-col-100 e-form__buttons\">\n\t\t\t\t\t<button class=\"elementor-button elementor-size-md\" type=\"submit\">\n\t\t\t\t\t\t<span class=\"elementor-button-content-wrapper\">\n\t\t\t\t\t\t\t\t\t\t\t\t\t\t\t\t\t\t\t\t\t\t<span class=\"elementor-button-text\">ENVIAR<\/span>\n\t\t\t\t\t\t\t\t\t\t\t\t\t<\/span>\n\t\t\t\t\t<\/button>\n\t\t\t\t<\/div>\n\t\t\t<\/div>\n\t\t<\/form>\n\t\t\t\t\t\t<\/div>\n\t\t\t\t<\/div>\n\t\t\t\t\t<\/div>\n\t\t<\/div>\n\t\t\t\t\t<\/div>\n\t\t<\/section>\n\t\t\t\t<\/div>\n\t\t","protected":false},"excerpt":{"rendered":"<p>Selecciona tu porcentaje %y te enviamos tu nivel de espa\u00f1ol<\/p>\n","protected":false},"author":22,"featured_media":0,"parent":0,"menu_order":0,"comment_status":"closed","ping_status":"closed","template":"elementor_canvas","meta":{"_uag_custom_page_level_css":"","_editorskit_title_hidden":false,"_editorskit_reading_time":0,"_editorskit_is_block_options_detached":false,"_editorskit_block_options_position":"{}","_monsterinsights_skip_tracking":false,"_monsterinsights_sitenote_active":false,"_monsterinsights_sitenote_note":"","_monsterinsights_sitenote_category":0,"_genesis_hide_title":false,"_genesis_hide_breadcrumbs":false,"_genesis_hide_singular_image":false,"_genesis_hide_footer_widgets":false,"_genesis_custom_body_class":"","_genesis_custom_post_class":"","_genesis_layout":"","footnotes":""},"class_list":{"0":"post-2555","1":"page","2":"type-page","3":"status-publish","5":"entry","6":"has-post-thumbnail"},"yoast_head":"<!-- This site is optimized with the Yoast SEO plugin v27.0 - https:\/\/yoast.com\/product\/yoast-seo-wordpress\/ -->\n<title>Puntuaci\u00f3n Test Espa\u00f1ol - Progrespagnol<\/title>\n<meta name=\"robots\" content=\"index, follow, max-snippet:-1, max-image-preview:large, max-video-preview:-1\" \/>\n<link rel=\"canonical\" href=\"https:\/\/progrespagnol.com\/fr\/puntuacion-test-espanol\/\" \/>\n<meta property=\"og:locale\" content=\"fr_FR\" \/>\n<meta property=\"og:type\" content=\"article\" \/>\n<meta property=\"og:title\" content=\"Puntuaci\u00f3n Test Espa\u00f1ol - Progrespagnol\" \/>\n<meta property=\"og:description\" content=\"Selecciona tu porcentaje %y te enviamos tu nivel de espa\u00f1ol\" \/>\n<meta property=\"og:url\" content=\"https:\/\/progrespagnol.com\/fr\/puntuacion-test-espanol\/\" \/>\n<meta property=\"og:site_name\" content=\"Progrespagnol\" \/>\n<meta property=\"article:modified_time\" content=\"2022-03-25T16:50:58+00:00\" \/>\n<meta property=\"og:image\" content=\"https:\/\/progrespagnol.com\/fr\/wp-content\/uploads\/sites\/2\/cropped-Logo-Progrespagnol-1-2.png\" \/>\n<meta name=\"twitter:card\" content=\"summary_large_image\" \/>\n<meta name=\"twitter:label1\" content=\"Dur\u00e9e de lecture estim\u00e9e\" \/>\n\t<meta name=\"twitter:data1\" content=\"1 minute\" \/>\n<script type=\"application\/ld+json\" class=\"yoast-schema-graph\">{\"@context\":\"https:\/\/schema.org\",\"@graph\":[{\"@type\":\"WebPage\",\"@id\":\"https:\/\/progrespagnol.com\/fr\/puntuacion-test-espanol\/\",\"url\":\"https:\/\/progrespagnol.com\/fr\/puntuacion-test-espanol\/\",\"name\":\"Puntuaci\u00f3n Test Espa\u00f1ol - Progrespagnol\",\"isPartOf\":{\"@id\":\"https:\/\/progrespagnol.com\/fr\/#website\"},\"primaryImageOfPage\":{\"@id\":\"https:\/\/progrespagnol.com\/fr\/puntuacion-test-espanol\/#primaryimage\"},\"image\":{\"@id\":\"https:\/\/progrespagnol.com\/fr\/puntuacion-test-espanol\/#primaryimage\"},\"thumbnailUrl\":\"https:\/\/progrespagnol.com\/fr\/wp-content\/uploads\/sites\/2\/cropped-Logo-Progrespagnol-1-2.png\",\"datePublished\":\"2022-03-23T16:47:33+00:00\",\"dateModified\":\"2022-03-25T16:50:58+00:00\",\"breadcrumb\":{\"@id\":\"https:\/\/progrespagnol.com\/fr\/puntuacion-test-espanol\/#breadcrumb\"},\"inLanguage\":\"fr-FR\",\"potentialAction\":[{\"@type\":\"ReadAction\",\"target\":[\"https:\/\/progrespagnol.com\/fr\/puntuacion-test-espanol\/\"]}]},{\"@type\":\"ImageObject\",\"inLanguage\":\"fr-FR\",\"@id\":\"https:\/\/progrespagnol.com\/fr\/puntuacion-test-espanol\/#primaryimage\",\"url\":\"https:\/\/progrespagnol.com\/fr\/wp-content\/uploads\/sites\/2\/cropped-Logo-Progrespagnol-1-2.png\",\"contentUrl\":\"https:\/\/progrespagnol.com\/fr\/wp-content\/uploads\/sites\/2\/cropped-Logo-Progrespagnol-1-2.png\",\"width\":408,\"height\":79},{\"@type\":\"BreadcrumbList\",\"@id\":\"https:\/\/progrespagnol.com\/fr\/puntuacion-test-espanol\/#breadcrumb\",\"itemListElement\":[{\"@type\":\"ListItem\",\"position\":1,\"name\":\"Portada\",\"item\":\"https:\/\/progrespagnol.com\/fr\/\"},{\"@type\":\"ListItem\",\"position\":2,\"name\":\"Puntuaci\u00f3n Test Espa\u00f1ol\"}]},{\"@type\":\"WebSite\",\"@id\":\"https:\/\/progrespagnol.com\/fr\/#website\",\"url\":\"https:\/\/progrespagnol.com\/fr\/\",\"name\":\"Progrespagnol\",\"description\":\"Espagnol pro et de voyages\",\"publisher\":{\"@id\":\"https:\/\/progrespagnol.com\/fr\/#organization\"},\"potentialAction\":[{\"@type\":\"SearchAction\",\"target\":{\"@type\":\"EntryPoint\",\"urlTemplate\":\"https:\/\/progrespagnol.com\/fr\/?s={search_term_string}\"},\"query-input\":{\"@type\":\"PropertyValueSpecification\",\"valueRequired\":true,\"valueName\":\"search_term_string\"}}],\"inLanguage\":\"fr-FR\"},{\"@type\":\"Organization\",\"@id\":\"https:\/\/progrespagnol.com\/fr\/#organization\",\"name\":\"Progrespagnol\",\"url\":\"https:\/\/progrespagnol.com\/fr\/\",\"logo\":{\"@type\":\"ImageObject\",\"inLanguage\":\"fr-FR\",\"@id\":\"https:\/\/progrespagnol.com\/fr\/#\/schema\/logo\/image\/\",\"url\":\"https:\/\/progrespagnol.com\/fr\/wp-content\/uploads\/sites\/2\/cropped-logo.png\",\"contentUrl\":\"https:\/\/progrespagnol.com\/fr\/wp-content\/uploads\/sites\/2\/cropped-logo.png\",\"width\":250,\"height\":56,\"caption\":\"Progrespagnol\"},\"image\":{\"@id\":\"https:\/\/progrespagnol.com\/fr\/#\/schema\/logo\/image\/\"}}]}<\/script>\n<!-- \/ Yoast SEO plugin. -->","yoast_head_json":{"title":"Puntuaci\u00f3n Test Espa\u00f1ol - Progrespagnol","robots":{"index":"index","follow":"follow","max-snippet":"max-snippet:-1","max-image-preview":"max-image-preview:large","max-video-preview":"max-video-preview:-1"},"canonical":"https:\/\/progrespagnol.com\/fr\/puntuacion-test-espanol\/","og_locale":"fr_FR","og_type":"article","og_title":"Puntuaci\u00f3n Test Espa\u00f1ol - Progrespagnol","og_description":"Selecciona tu porcentaje %y te enviamos tu nivel de espa\u00f1ol","og_url":"https:\/\/progrespagnol.com\/fr\/puntuacion-test-espanol\/","og_site_name":"Progrespagnol","article_modified_time":"2022-03-25T16:50:58+00:00","og_image":[{"url":"https:\/\/progrespagnol.com\/fr\/wp-content\/uploads\/sites\/2\/cropped-Logo-Progrespagnol-1-2.png","type":"","width":"","height":""}],"twitter_card":"summary_large_image","twitter_misc":{"Dur\u00e9e de lecture estim\u00e9e":"1 minute"},"schema":{"@context":"https:\/\/schema.org","@graph":[{"@type":"WebPage","@id":"https:\/\/progrespagnol.com\/fr\/puntuacion-test-espanol\/","url":"https:\/\/progrespagnol.com\/fr\/puntuacion-test-espanol\/","name":"Puntuaci\u00f3n Test Espa\u00f1ol - Progrespagnol","isPartOf":{"@id":"https:\/\/progrespagnol.com\/fr\/#website"},"primaryImageOfPage":{"@id":"https:\/\/progrespagnol.com\/fr\/puntuacion-test-espanol\/#primaryimage"},"image":{"@id":"https:\/\/progrespagnol.com\/fr\/puntuacion-test-espanol\/#primaryimage"},"thumbnailUrl":"https:\/\/progrespagnol.com\/fr\/wp-content\/uploads\/sites\/2\/cropped-Logo-Progrespagnol-1-2.png","datePublished":"2022-03-23T16:47:33+00:00","dateModified":"2022-03-25T16:50:58+00:00","breadcrumb":{"@id":"https:\/\/progrespagnol.com\/fr\/puntuacion-test-espanol\/#breadcrumb"},"inLanguage":"fr-FR","potentialAction":[{"@type":"ReadAction","target":["https:\/\/progrespagnol.com\/fr\/puntuacion-test-espanol\/"]}]},{"@type":"ImageObject","inLanguage":"fr-FR","@id":"https:\/\/progrespagnol.com\/fr\/puntuacion-test-espanol\/#primaryimage","url":"https:\/\/progrespagnol.com\/fr\/wp-content\/uploads\/sites\/2\/cropped-Logo-Progrespagnol-1-2.png","contentUrl":"https:\/\/progrespagnol.com\/fr\/wp-content\/uploads\/sites\/2\/cropped-Logo-Progrespagnol-1-2.png","width":408,"height":79},{"@type":"BreadcrumbList","@id":"https:\/\/progrespagnol.com\/fr\/puntuacion-test-espanol\/#breadcrumb","itemListElement":[{"@type":"ListItem","position":1,"name":"Portada","item":"https:\/\/progrespagnol.com\/fr\/"},{"@type":"ListItem","position":2,"name":"Puntuaci\u00f3n Test Espa\u00f1ol"}]},{"@type":"WebSite","@id":"https:\/\/progrespagnol.com\/fr\/#website","url":"https:\/\/progrespagnol.com\/fr\/","name":"Progrespagnol","description":"Espagnol pro et de voyages","publisher":{"@id":"https:\/\/progrespagnol.com\/fr\/#organization"},"potentialAction":[{"@type":"SearchAction","target":{"@type":"EntryPoint","urlTemplate":"https:\/\/progrespagnol.com\/fr\/?s={search_term_string}"},"query-input":{"@type":"PropertyValueSpecification","valueRequired":true,"valueName":"search_term_string"}}],"inLanguage":"fr-FR"},{"@type":"Organization","@id":"https:\/\/progrespagnol.com\/fr\/#organization","name":"Progrespagnol","url":"https:\/\/progrespagnol.com\/fr\/","logo":{"@type":"ImageObject","inLanguage":"fr-FR","@id":"https:\/\/progrespagnol.com\/fr\/#\/schema\/logo\/image\/","url":"https:\/\/progrespagnol.com\/fr\/wp-content\/uploads\/sites\/2\/cropped-logo.png","contentUrl":"https:\/\/progrespagnol.com\/fr\/wp-content\/uploads\/sites\/2\/cropped-logo.png","width":250,"height":56,"caption":"Progrespagnol"},"image":{"@id":"https:\/\/progrespagnol.com\/fr\/#\/schema\/logo\/image\/"}}]}},"uagb_featured_image_src":{"full":false,"thumbnail":false,"medium":false,"medium_large":false,"large":false,"1536x1536":false,"2048x2048":false},"uagb_author_info":{"display_name":"","author_link":"https:\/\/progrespagnol.com\/fr\/blog\/author\/"},"uagb_comment_info":0,"uagb_excerpt":"Selecciona tu porcentaje %y te enviamos tu nivel de espa\u00f1ol","_links":{"self":[{"href":"https:\/\/progrespagnol.com\/fr\/wp-json\/wp\/v2\/pages\/2555","targetHints":{"allow":["GET"]}}],"collection":[{"href":"https:\/\/progrespagnol.com\/fr\/wp-json\/wp\/v2\/pages"}],"about":[{"href":"https:\/\/progrespagnol.com\/fr\/wp-json\/wp\/v2\/types\/page"}],"author":[{"embeddable":true,"href":"https:\/\/progrespagnol.com\/fr\/wp-json\/wp\/v2\/users\/22"}],"replies":[{"embeddable":true,"href":"https:\/\/progrespagnol.com\/fr\/wp-json\/wp\/v2\/comments?post=2555"}],"version-history":[{"count":0,"href":"https:\/\/progrespagnol.com\/fr\/wp-json\/wp\/v2\/pages\/2555\/revisions"}],"wp:attachment":[{"href":"https:\/\/progrespagnol.com\/fr\/wp-json\/wp\/v2\/media?parent=2555"}],"curies":[{"name":"wp","href":"https:\/\/api.w.org\/{rel}","templated":true}]}}